{"id":1476,"date":"2025-02-01T20:27:38","date_gmt":"2025-02-01T20:27:38","guid":{"rendered":"https:\/\/brazilflora.com\/product\/%d8%ac%d9%84-%d8%aa%d8%ad%d9%83%d9%85-%d8%ac%d9%84-%d8%a3%d8%a8%d9%8a%d8%b6\/"},"modified":"2025-02-01T20:27:38","modified_gmt":"2025-02-01T20:27:38","slug":"%d8%ac%d9%84-%d8%aa%d8%ad%d9%83%d9%85-%d8%ac%d9%84-%d8%a3%d8%a8%d9%8a%d8%b6","status":"publish","type":"product","link":"https:\/\/brazilflora.com\/ar\/product\/%d8%ac%d9%84-%d8%aa%d8%ad%d9%83%d9%85-%d8%ac%d9%84-%d8%a3%d8%a8%d9%8a%d8%b6\/","title":{"rendered":"\u062c\u0644 \u062a\u062d\u0643\u0645 \u062c\u0644 \u0623\u0628\u064a\u0636"},"content":{"rendered":"<table>\n<tbody>\n<tr>\n<td>\n<h4>\u0627\u0644\u0645\u062d\u062a\u0648\u0649<\/h4>\n<\/td>\n<td>1 \u0648\u0639\u0627\u0621 \u064a\u062d\u062a\u0648\u064a \u0639\u0644\u0649 24 \u063a \u0645\u0646 \u0627\u0644\u062c\u0644.<\/td>\n<\/tr>\n<tr>\n<td>\n<h4>\u0627\u0644\u0623\u0628\u0639\u0627\u062f<\/h4>\n<\/td>\n<td>70 \u00d7 70 \u00d7 70 \u00d7 50 \u0645\u0645.<\/td>\n<\/tr>\n<tr>\n<td>\n<h4>\u062a\u0648\u0635\u064a\u0627\u062a \u0645\u0647\u0645\u0629<\/h4>\n<\/td>\n<td>\u0627\u0644\u0627\u062d\u062a\u064a\u0627\u0637\u0627\u062a: \u064a\u064f\u062d\u0641\u0638 \u0628\u0639\u064a\u062f\u064b\u0627 \u0639\u0646 \u0645\u062a\u0646\u0627\u0648\u0644 \u0627\u0644\u0623\u0637\u0641\u0627\u0644 \u0648\u0641\u064a \u0645\u0643\u0627\u0646 \u0628\u0627\u0631\u062f \u0648\u0645\u062d\u0645\u064a \u0645\u0646 \u0627\u0644\u0636\u0648\u0621. \u0644\u0627 \u064a\u0633\u062a\u062e\u062f\u0645 \u0625\u0630\u0627 \u0643\u0627\u0646\u062a \u0645\u0646\u0637\u0642\u0629 \u0627\u0644\u0623\u0638\u0627\u0641\u0631 \u0645\u0635\u0627\u0628\u0629 \u0623\u0648 \u0645\u062a\u0647\u064a\u062c\u0629.  \u0644\u0627 \u062a\u0628\u062a\u0644\u0639\u0647. \u064a\u062c\u0628 \u062d\u0645\u0627\u064a\u0629 \u0648\u062a\u062c\u0646\u0628 \u0645\u0644\u0627\u0645\u0633\u062a\u0647 \u0644\u0644\u062c\u0644\u062f \u0648\u0627\u0644\u0639\u064a\u0646\u064a\u0646\u064a\u0646\u061b \u0625\u0630\u0627 \u062d\u062f\u062b \u0630\u0644\u0643\u060c \u064a\u062c\u0628 \u063a\u0633\u0644\u0647 \u0628\u0645\u0627\u0621 \u0648\u0641\u064a\u0631 \u0648\u0645\u0631\u0627\u062c\u0639\u0629 \u0627\u0644\u0637\u0628\u064a\u0628. \u064a\u062c\u0628 \u0639\u0644\u0649 \u0627\u0644\u0646\u0633\u0627\u0621 \u0627\u0644\u062d\u0648\u0627\u0645\u0644 \u0648\u0627\u0644\u0645\u0631\u0636\u0639\u0627\u062a \u0637\u0644\u0628 \u0627\u0644\u0645\u0634\u0648\u0631\u0629 \u0627\u0644\u0637\u0628\u064a\u0629 \u0642\u0628\u0644 \u0627\u0633\u062a\u062e\u062f\u0627\u0645 \u0647\u0630\u0627 \u0627\u0644\u0645\u0646\u062a\u062c. \u0627\u0644\u0627\u0633\u062a\u062e\u062f\u0627\u0645 \u0627\u0644\u062e\u0627\u0631\u062c\u064a. \u0627\u0644\u0627\u0633\u062a\u062e\u062f\u0627\u0645 \u0627\u0644\u0645\u0647\u0646\u064a.    <\/td>\n<\/tr>\n<tr>\n<td>\n<h4>\u0627\u0644\u0639\u0646\u0627\u064a\u0629 \u0628\u0627\u0644\u062a\u062e\u0632\u064a\u0646<\/h4>\n<\/td>\n<td>\u062a\u064f\u062d\u0641\u0638 \u0627\u0644\u0645\u0646\u062a\u062c\u0627\u062a \u0641\u064a \u062f\u0631\u062c\u0629 \u062d\u0631\u0627\u0631\u0629 \u0627\u0644\u063a\u0631\u0641\u0629 (15 \u062f\u0631\u062c\u0629 \u0645\u0626\u0648\u064a\u0629 \u0625\u0644\u0649 30 \u062f\u0631\u062c\u0629 \u0645\u0626\u0648\u064a\u0629) \u0648\u0645\u062d\u0645\u064a\u0629 \u0645\u0646 \u0627\u0644\u0636\u0648\u0621. \u062a\u064f\u062d\u0641\u0638 \u0627\u0644\u0645\u0646\u062a\u062c\u0627\u062a \u0628\u0639\u064a\u062f\u0627\u064b \u0639\u0646 \u0645\u062a\u0646\u0627\u0648\u0644 \u0627\u0644\u0623\u0637\u0641\u0627\u0644. <\/td>\n<\/tr>\n<tr>\n<td>\n<h4>\u0637\u0631\u064a\u0642\u0629 \u0627\u0644\u0627\u0633\u062a\u062e\u062f\u0627\u0645<\/h4>\n<\/td>\n<td>\u0628\u0627\u0633\u062a\u062e\u062f\u0627\u0645 \u0641\u0631\u0634\u0627\u0629\u060c \u0642\u0648\u0645\u064a \u0628\u0625\u0632\u0627\u0644\u0629 \u0643\u0645\u064a\u0629 \u0635\u063a\u064a\u0631\u0629 \u0645\u0646 \u0627\u0644\u0645\u0646\u062a\u062c \u0648\u0636\u0639\u064a\u0647 \u0639\u0644\u0649 \u0627\u0644\u0623\u0638\u0627\u0641\u0631\u060c \u0645\u0639 \u062a\u0648\u0632\u064a\u0639\u0647 \u0648\u062a\u0634\u0643\u064a\u0644\u0647 \u062d\u0633\u0628 \u0627\u0644\u0631\u063a\u0628\u0629. \u0645\u0639 \u0643\u0644 \u0637\u0628\u0642\u0629\u060c \u062c\u0641\u0641\u064a\u0647\u0627 \u0641\u064a \u0645\u0642\u0635\u0648\u0631\u0629 LED (120 \u062b\u0627\u0646\u064a\u0629) \u0623\u0648 \u0645\u0642\u0635\u0648\u0631\u0629 \u0627\u0644\u0623\u0634\u0639\u0629 \u0641\u0648\u0642 \u0627\u0644\u0628\u0646\u0641\u0633\u062c\u064a\u0629 (240 \u062b\u0627\u0646\u064a\u0629). <\/td>\n<\/tr>\n<\/tbody>\n<\/table>\n","protected":false},"excerpt":{"rendered":"<p>\u062c\u0644 Control White V\u00f2lia Gel \u0647\u0648 \u062c\u0644 \u062a\u0633\u0648\u064a\u0629 \u0645\u062a\u062d\u0643\u0645 \u0641\u064a\u0647 \u0644\u062c\u0645\u064a\u0639 \u0623\u0646\u0648\u0627\u0639 \u0627\u0644\u062a\u0645\u062f\u062f. \u062a\u0633\u0645\u062d \u0644\u0632\u0648\u062c\u062a\u0647 \u0627\u0644\u0639\u0627\u0644\u064a\u0629 \u0628\u0627\u0644\u062a\u062d\u0643\u0645 \u0627\u0644\u0643\u0627\u0645\u0644 \u0641\u064a \u0627\u0644\u0627\u0633\u062a\u0639\u0645\u0627\u0644 &#8211; \u0628\u062f\u0648\u0646 \u062a\u0635\u0631\u064a\u0641 &#8211; \u0648\u0647\u0648 \u0645\u062b\u0627\u0644\u064a \u0644\u0644\u0632\u064a\u0646\u0629 \u0645\u062b\u0644 \u0639\u0643\u0633 \u0627\u0644\u0641\u0631\u0646\u0633\u064a\u0629 \u0648\u0627\u0644\u0635\u064a\u0627\u0646\u0629. <\/p>\n","protected":false},"featured_media":1394,"comment_status":"open","ping_status":"closed","template":"","meta":[],"product_brand":[],"product_cat":[77,81],"product_tag":[79],"class_list":{"0":"post-1476","1":"product","2":"type-product","3":"status-publish","4":"has-post-thumbnail","6":"product_cat-77","7":"product_cat-81","8":"product_tag-79","10":"first","11":"instock","12":"shipping-taxable","13":"purchasable","14":"product-type-simple"},"_links":{"self":[{"href":"https:\/\/brazilflora.com\/ar\/wp-json\/wp\/v2\/product\/1476","targetHints":{"allow":["GET"]}}],"collection":[{"href":"https:\/\/brazilflora.com\/ar\/wp-json\/wp\/v2\/product"}],"about":[{"href":"https:\/\/brazilflora.com\/ar\/wp-json\/wp\/v2\/types\/product"}],"replies":[{"embeddable":true,"href":"https:\/\/brazilflora.com\/ar\/wp-json\/wp\/v2\/comments?post=1476"}],"wp:featuredmedia":[{"embeddable":true,"href":"https:\/\/brazilflora.com\/ar\/wp-json\/wp\/v2\/media\/1394"}],"wp:attachment":[{"href":"https:\/\/brazilflora.com\/ar\/wp-json\/wp\/v2\/media?parent=1476"}],"wp:term":[{"taxonomy":"product_brand","embeddable":true,"href":"https:\/\/brazilflora.com\/ar\/wp-json\/wp\/v2\/product_brand?post=1476"},{"taxonomy":"product_cat","embeddable":true,"href":"https:\/\/brazilflora.com\/ar\/wp-json\/wp\/v2\/product_cat?post=1476"},{"taxonomy":"product_tag","embeddable":true,"href":"https:\/\/brazilflora.com\/ar\/wp-json\/wp\/v2\/product_tag?post=1476"}],"curies":[{"name":"wp","href":"https:\/\/api.w.org\/{rel}","templated":true}]}}